{"id":544,"date":"2024-12-24T12:03:32","date_gmt":"2024-12-24T12:03:32","guid":{"rendered":"https:\/\/www.gilwro.fr\/19eSiecle\/contact\/"},"modified":"2025-01-19T10:48:16","modified_gmt":"2025-01-19T10:48:16","slug":"contact","status":"publish","type":"page","link":"https:\/\/www.gilwro.fr\/19eSiecle\/contact\/","title":{"rendered":"Contact"},"content":{"rendered":"\t\t<div data-elementor-type=\"wp-post\" data-elementor-id=\"544\" class=\"elementor elementor-544\">\n\t\t\t\t<div class=\"elementor-element elementor-element-1e6bb73 e-flex e-con-boxed e-con e-parent\" data-id=\"1e6bb73\" data-element_type=\"container\" data-settings=\"{&quot;background_background&quot;:&quot;classic&quot;}\">\n\t\t\t\t\t<div class=\"e-con-inner\">\n\t\t<div class=\"elementor-element elementor-element-2ebda9e e-con-full e-flex e-con e-child\" data-id=\"2ebda9e\" data-element_type=\"container\">\n\t\t\t\t<\/div>\n\t\t\t\t\t<\/div>\n\t\t\t\t<\/div>\n\t\t<div class=\"elementor-element elementor-element-e0b235d e-flex e-con-boxed e-con e-parent\" data-id=\"e0b235d\" data-element_type=\"container\" data-settings=\"{&quot;background_background&quot;:&quot;classic&quot;}\">\n\t\t\t\t\t<div class=\"e-con-inner\">\n\t\t<div class=\"elementor-element elementor-element-a66cbff e-con-full e-flex e-con e-child\" data-id=\"a66cbff\" data-element_type=\"container\">\n\t\t\t\t<div class=\"elementor-element elementor-element-917fcba elementor-widget elementor-widget-heading\" data-id=\"917fcba\" data-element_type=\"widget\" data-widget_type=\"heading.default\">\n\t\t\t\t<div class=\"elementor-widget-container\">\n\t\t\t\t\t<h2 class=\"elementor-heading-title elementor-size-default\">Formulaire de contact<\/h2>\t\t\t\t<\/div>\n\t\t\t\t<\/div>\n\t\t\t\t<div class=\"elementor-element elementor-element-86470f6 elementor-widget elementor-widget-shortcode\" data-id=\"86470f6\" data-element_type=\"widget\" data-widget_type=\"shortcode.default\">\n\t\t\t\t<div class=\"elementor-widget-container\">\n\t\t\t\t\t\t\t<div class=\"elementor-shortcode\"><div class=\"wpforms-container \" id=\"wpforms-8\"><form id=\"wpforms-form-8\" class=\"wpforms-validate wpforms-form wpforms-ajax-form\" data-formid=\"8\" method=\"post\" enctype=\"multipart\/form-data\" action=\"\/19eSiecle\/wp-json\/wp\/v2\/pages\/544\" data-token=\"dc89e238b947eb142683552cbb3359ca\" data-token-time=\"1778617628\"><noscript class=\"wpforms-error-noscript\">Veuillez activer JavaScript dans votre navigateur pour remplir ce formulaire.<\/noscript><div class=\"wpforms-field-container\"><div id=\"wpforms-8-field_0-container\" class=\"wpforms-field wpforms-field-name\" data-field-id=\"0\"><label class=\"wpforms-field-label\">Name <span class=\"wpforms-required-label\">*<\/span><\/label><div class=\"wpforms-field-row wpforms-field-large\"><div class=\"wpforms-field-row-block wpforms-first wpforms-one-half\"><input type=\"text\" id=\"wpforms-8-field_0\" class=\"wpforms-field-name-first wpforms-field-required\" name=\"wpforms[fields][0][first]\" required><label for=\"wpforms-8-field_0\" class=\"wpforms-field-sublabel after\">Pr\u00e9nom<\/label><\/div><div class=\"wpforms-field-row-block wpforms-one-half\"><input type=\"text\" id=\"wpforms-8-field_0-last\" class=\"wpforms-field-name-last wpforms-field-required\" name=\"wpforms[fields][0][last]\" required><label for=\"wpforms-8-field_0-last\" class=\"wpforms-field-sublabel after\">Nom<\/label><\/div><\/div><\/div><div id=\"wpforms-8-field_1-container\" class=\"wpforms-field wpforms-field-email\" data-field-id=\"1\"><label class=\"wpforms-field-label\" for=\"wpforms-8-field_1\">Email <span class=\"wpforms-required-label\">*<\/span><\/label><input type=\"email\" id=\"wpforms-8-field_1\" class=\"wpforms-field-large wpforms-field-required\" name=\"wpforms[fields][1]\" spellcheck=\"false\" required><\/div><div id=\"wpforms-8-field_2-container\" class=\"wpforms-field wpforms-field-textarea\" data-field-id=\"2\"><label class=\"wpforms-field-label\" for=\"wpforms-8-field_2\">Message<\/label><textarea id=\"wpforms-8-field_2\" class=\"wpforms-field-medium\" name=\"wpforms[fields][2]\" ><\/textarea><\/div><\/div><!-- .wpforms-field-container --><div class=\"wpforms-submit-container\" ><input type=\"hidden\" name=\"wpforms[id]\" value=\"8\"><input type=\"hidden\" name=\"page_title\" value=\"\"><input type=\"hidden\" name=\"page_url\" value=\"https:\/\/www.gilwro.fr\/19eSiecle\/wp-json\/wp\/v2\/pages\/544\"><input type=\"hidden\" name=\"url_referer\" value=\"\"><button type=\"submit\" name=\"wpforms[submit]\" id=\"wpforms-submit-8\" class=\"wpforms-submit\" data-alt-text=\"Sending...\" data-submit-text=\"Send\" aria-live=\"assertive\" value=\"wpforms-submit\">Send<\/button><img decoding=\"async\" src=\"https:\/\/www.gilwro.fr\/19eSiecle\/wp-content\/plugins\/wpforms-lite\/assets\/images\/submit-spin.svg\" class=\"wpforms-submit-spinner\" style=\"display: none;\" width=\"26\" height=\"26\" alt=\"Chargement en cours\"><\/div><\/form><\/div>  <!-- .wpforms-container -->\t<\/div>\n\t\t\t\t\t\t<\/div>\n\t\t\t\t<\/div>\n\t\t\t\t<\/div>\n\t\t<div class=\"elementor-element elementor-element-701130c e-con-full e-flex e-con e-child\" data-id=\"701130c\" data-element_type=\"container\">\n\t\t\t\t<div class=\"elementor-element elementor-element-5e86db5 elementor-widget elementor-widget-heading\" data-id=\"5e86db5\" data-element_type=\"widget\" data-widget_type=\"heading.default\">\n\t\t\t\t<div class=\"elementor-widget-container\">\n\t\t\t\t\t<h2 class=\"elementor-heading-title elementor-size-default\">Vous pouvez participer<\/h2>\t\t\t\t<\/div>\n\t\t\t\t<\/div>\n\t\t\t\t<div class=\"elementor-element elementor-element-19ea03a elementor-widget elementor-widget-image\" data-id=\"19ea03a\" data-element_type=\"widget\" data-widget_type=\"image.default\">\n\t\t\t\t<div class=\"elementor-widget-container\">\n\t\t\t\t\t\t\t\t\t\t\t\t\t\t\t<img decoding=\"async\" width=\"150\" height=\"150\" src=\"https:\/\/www.gilwro.fr\/19eSiecle\/wp-content\/uploads\/2024\/12\/logo-mains-1-150x150.jpg\" class=\"attachment-thumbnail size-thumbnail wp-image-1574\" alt=\"\" srcset=\"https:\/\/www.gilwro.fr\/19eSiecle\/wp-content\/uploads\/2024\/12\/logo-mains-1-150x150.jpg 150w, https:\/\/www.gilwro.fr\/19eSiecle\/wp-content\/uploads\/2024\/12\/logo-mains-1-300x300.jpg 300w, https:\/\/www.gilwro.fr\/19eSiecle\/wp-content\/uploads\/2024\/12\/logo-mains-1.jpg 512w\" sizes=\"(max-width: 150px) 100vw, 150px\" \/>\t\t\t\t\t\t\t\t\t\t\t\t\t\t\t<\/div>\n\t\t\t\t<\/div>\n\t\t\t\t<div class=\"elementor-element elementor-element-219ec3e elementor-widget elementor-widget-text-editor\" data-id=\"219ec3e\" data-element_type=\"widget\" data-widget_type=\"text-editor.default\">\n\t\t\t\t<div class=\"elementor-widget-container\">\n\t\t\t\t\t\t\t\t\t<p>Vous appr\u00e9ciez mon site, ses articles&#8230;<br \/>Vous pouvez me soumettre un th\u00e8me que vous auriez r\u00e9dig\u00e9 que je pourrai publier en sp\u00e9cifiant bien entendu le nom de l&rsquo;auteur.<br \/>A la condition que le contenu respecte l&rsquo;esprit de mes articles: textes, images, liens \u00e9ventuels&#8230;<br \/>A bient\u00f4t<\/p><p>\u00a0<\/p>\t\t\t\t\t\t\t\t<\/div>\n\t\t\t\t<\/div>\n\t\t\t\t<div class=\"elementor-element elementor-element-b5e0773 elementor-vertical-align-top elementor-widget elementor-widget-icon-box\" data-id=\"b5e0773\" data-element_type=\"widget\" data-widget_type=\"icon-box.default\">\n\t\t\t\t<div class=\"elementor-widget-container\">\n\t\t\t\t\t\t\t<div class=\"elementor-icon-box-wrapper\">\n\n\t\t\t\n\t\t\t\t\t\t<div class=\"elementor-icon-box-content\">\n\n\t\t\t\t\t\t\t\t\t<h5 class=\"elementor-icon-box-title\">\n\t\t\t\t\t\t<span  >\n\t\t\t\t\t\t\t \t\t\t\t\t\t<\/span>\n\t\t\t\t\t<\/h5>\n\t\t\t\t\n\t\t\t\t\n\t\t\t<\/div>\n\t\t\t\n\t\t<\/div>\n\t\t\t\t\t\t<\/div>\n\t\t\t\t<\/div>\n\t\t\t\t<\/div>\n\t\t\t\t\t<\/div>\n\t\t\t\t<\/div>\n\t\t\t\t<\/div>\n\t\t","protected":false},"excerpt":{"rendered":"<p>Formulaire de contact Vous pouvez participer Vous appr\u00e9ciez mon site, ses articles&#8230;Vous pouvez me soumettre un th\u00e8me que vous auriez [&hellip;]<\/p>\n","protected":false},"author":1,"featured_media":0,"parent":0,"menu_order":0,"comment_status":"closed","ping_status":"closed","template":"","meta":{"_uf_show_specific_survey":0,"_uf_disable_surveys":false,"site-sidebar-layout":"no-sidebar","site-content-layout":"page-builder","ast-site-content-layout":"full-width-container","site-content-style":"unboxed","site-sidebar-style":"unboxed","ast-global-header-display":"","ast-banner-title-visibility":"","ast-main-header-display":"","ast-hfb-above-header-display":"","ast-hfb-below-header-display":"","ast-hfb-mobile-header-display":"","site-post-title":"disabled","ast-breadcrumbs-content":"","ast-featured-img":"disabled","footer-sml-layout":"","theme-transparent-header-meta":"enabled","adv-header-id-meta":"","stick-header-meta":"","header-above-stick-meta":"","header-main-stick-meta":"","header-below-stick-meta":"","astra-migrate-meta-layouts":"set","ast-page-background-enabled":"default","ast-page-background-meta":{"desktop":{"background-color":"var(--ast-global-color-4)","background-image":"","background-repeat":"repeat","background-position":"center center","background-size":"auto","background-attachment":"scroll","background-type":"","background-media":"","overlay-type":"","overlay-color":"","overlay-opacity":"","overlay-gradient":""},"tablet":{"background-color":"","background-image":"","background-repeat":"repeat","background-position":"center center","background-size":"auto","background-attachment":"scroll","background-type":"","background-media":"","overlay-type":"","overlay-color":"","overlay-opacity":"","overlay-gradient":""},"mobile":{"background-color":"","background-image":"","background-repeat":"repeat","background-position":"center center","background-size":"auto","background-attachment":"scroll","background-type":"","background-media":"","overlay-type":"","overlay-color":"","overlay-opacity":"","overlay-gradient":""}},"ast-content-background-meta":{"desktop":{"background-color":"var(--ast-global-color-5)","background-image":"","background-repeat":"repeat","background-position":"center center","background-size":"auto","background-attachment":"scroll","background-type":"","background-media":"","overlay-type":"","overlay-color":"","overlay-opacity":"","overlay-gradient":""},"tablet":{"background-color":"var(--ast-global-color-5)","background-image":"","background-repeat":"repeat","background-position":"center center","background-size":"auto","background-attachment":"scroll","background-type":"","background-media":"","overlay-type":"","overlay-color":"","overlay-opacity":"","overlay-gradient":""},"mobile":{"background-color":"var(--ast-global-color-5)","background-image":"","background-repeat":"repeat","background-position":"center center","background-size":"auto","background-attachment":"scroll","background-type":"","background-media":"","overlay-type":"","overlay-color":"","overlay-opacity":"","overlay-gradient":""}},"footnotes":""},"class_list":["post-544","page","type-page","status-publish","hentry"],"yoast_head":"<!-- This site is optimized with the Yoast SEO plugin v25.0 - https:\/\/yoast.com\/wordpress\/plugins\/seo\/ -->\n<title>Contact - Quoi de neuf au XIX\u00e8me si\u00e8cle<\/title>\n<meta name=\"robots\" content=\"index, follow, max-snippet:-1, max-image-preview:large, max-video-preview:-1\" \/>\n<link rel=\"canonical\" href=\"https:\/\/www.gilwro.fr\/19eSiecle\/contact\/\" \/>\n<meta property=\"og:locale\" content=\"fr_FR\" \/>\n<meta property=\"og:type\" content=\"article\" \/>\n<meta property=\"og:title\" content=\"Contact - Quoi de neuf au XIX\u00e8me si\u00e8cle\" \/>\n<meta property=\"og:description\" content=\"Formulaire de contact Vous pouvez participer Vous appr\u00e9ciez mon site, ses articles&#8230;Vous pouvez me soumettre un th\u00e8me que vous auriez [&hellip;]\" \/>\n<meta property=\"og:url\" content=\"https:\/\/www.gilwro.fr\/19eSiecle\/contact\/\" \/>\n<meta property=\"og:site_name\" content=\"Quoi de neuf au XIX\u00e8me si\u00e8cle\" \/>\n<meta property=\"article:modified_time\" content=\"2025-01-19T10:48:16+00:00\" \/>\n<meta property=\"og:image\" content=\"https:\/\/www.gilwro.fr\/19eSiecle\/wp-content\/uploads\/2024\/12\/logo-mains-1-150x150.jpg\" \/>\n<meta name=\"twitter:card\" content=\"summary_large_image\" \/>\n<meta name=\"twitter:label1\" content=\"Dur\u00e9e de lecture estim\u00e9e\" \/>\n\t<meta name=\"twitter:data1\" content=\"1 minute\" \/>\n<script type=\"application\/ld+json\" class=\"yoast-schema-graph\">{\"@context\":\"https:\/\/schema.org\",\"@graph\":[{\"@type\":\"WebPage\",\"@id\":\"https:\/\/www.gilwro.fr\/19eSiecle\/contact\/\",\"url\":\"https:\/\/www.gilwro.fr\/19eSiecle\/contact\/\",\"name\":\"Contact - Quoi de neuf au XIX\u00e8me si\u00e8cle\",\"isPartOf\":{\"@id\":\"https:\/\/www.gilwro.fr\/19eSiecle\/#website\"},\"primaryImageOfPage\":{\"@id\":\"https:\/\/www.gilwro.fr\/19eSiecle\/contact\/#primaryimage\"},\"image\":{\"@id\":\"https:\/\/www.gilwro.fr\/19eSiecle\/contact\/#primaryimage\"},\"thumbnailUrl\":\"https:\/\/www.gilwro.fr\/19eSiecle\/wp-content\/uploads\/2024\/12\/logo-mains-1-150x150.jpg\",\"datePublished\":\"2024-12-24T12:03:32+00:00\",\"dateModified\":\"2025-01-19T10:48:16+00:00\",\"breadcrumb\":{\"@id\":\"https:\/\/www.gilwro.fr\/19eSiecle\/contact\/#breadcrumb\"},\"inLanguage\":\"fr-FR\",\"potentialAction\":[{\"@type\":\"ReadAction\",\"target\":[\"https:\/\/www.gilwro.fr\/19eSiecle\/contact\/\"]}]},{\"@type\":\"ImageObject\",\"inLanguage\":\"fr-FR\",\"@id\":\"https:\/\/www.gilwro.fr\/19eSiecle\/contact\/#primaryimage\",\"url\":\"https:\/\/www.gilwro.fr\/19eSiecle\/wp-content\/uploads\/2024\/12\/logo-mains-1.jpg\",\"contentUrl\":\"https:\/\/www.gilwro.fr\/19eSiecle\/wp-content\/uploads\/2024\/12\/logo-mains-1.jpg\",\"width\":512,\"height\":512},{\"@type\":\"BreadcrumbList\",\"@id\":\"https:\/\/www.gilwro.fr\/19eSiecle\/contact\/#breadcrumb\",\"itemListElement\":[{\"@type\":\"ListItem\",\"position\":1,\"name\":\"Accueil\",\"item\":\"https:\/\/www.gilwro.fr\/19eSiecle\/\"},{\"@type\":\"ListItem\",\"position\":2,\"name\":\"Contact\"}]},{\"@type\":\"WebSite\",\"@id\":\"https:\/\/www.gilwro.fr\/19eSiecle\/#website\",\"url\":\"https:\/\/www.gilwro.fr\/19eSiecle\/\",\"name\":\"Quoi de neuf au XIX\u00e8me si\u00e8cle\",\"description\":\"Le 19e si\u00e8cle c&#039;est le Second Empire, la r\u00e9volution industrielle, les premi\u00e8res expositions universelles et internationales. Et beaucoup d\u2019\u00e9v\u00e9nements connus et connus qui m\u00e9ritent de s&#039;y int\u00e9resser.\",\"publisher\":{\"@id\":\"https:\/\/www.gilwro.fr\/19eSiecle\/#organization\"},\"potentialAction\":[{\"@type\":\"SearchAction\",\"target\":{\"@type\":\"EntryPoint\",\"urlTemplate\":\"https:\/\/www.gilwro.fr\/19eSiecle\/?s={search_term_string}\"},\"query-input\":{\"@type\":\"PropertyValueSpecification\",\"valueRequired\":true,\"valueName\":\"search_term_string\"}}],\"inLanguage\":\"fr-FR\"},{\"@type\":\"Organization\",\"@id\":\"https:\/\/www.gilwro.fr\/19eSiecle\/#organization\",\"name\":\"Quoi de neuf au XIX\u00e8me si\u00e8cle\",\"url\":\"https:\/\/www.gilwro.fr\/19eSiecle\/\",\"logo\":{\"@type\":\"ImageObject\",\"inLanguage\":\"fr-FR\",\"@id\":\"https:\/\/www.gilwro.fr\/19eSiecle\/#\/schema\/logo\/image\/\",\"url\":\"https:\/\/www.gilwro.fr\/19eSiecle\/wp-content\/uploads\/2025\/01\/xix-150.jpg\",\"contentUrl\":\"https:\/\/www.gilwro.fr\/19eSiecle\/wp-content\/uploads\/2025\/01\/xix-150.jpg\",\"width\":150,\"height\":100,\"caption\":\"Quoi de neuf au XIX\u00e8me si\u00e8cle\"},\"image\":{\"@id\":\"https:\/\/www.gilwro.fr\/19eSiecle\/#\/schema\/logo\/image\/\"}}]}<\/script>\n<!-- \/ Yoast SEO plugin. -->","yoast_head_json":{"title":"Contact - Quoi de neuf au XIX\u00e8me si\u00e8cle","robots":{"index":"index","follow":"follow","max-snippet":"max-snippet:-1","max-image-preview":"max-image-preview:large","max-video-preview":"max-video-preview:-1"},"canonical":"https:\/\/www.gilwro.fr\/19eSiecle\/contact\/","og_locale":"fr_FR","og_type":"article","og_title":"Contact - Quoi de neuf au XIX\u00e8me si\u00e8cle","og_description":"Formulaire de contact Vous pouvez participer Vous appr\u00e9ciez mon site, ses articles&#8230;Vous pouvez me soumettre un th\u00e8me que vous auriez [&hellip;]","og_url":"https:\/\/www.gilwro.fr\/19eSiecle\/contact\/","og_site_name":"Quoi de neuf au XIX\u00e8me si\u00e8cle","article_modified_time":"2025-01-19T10:48:16+00:00","og_image":[{"url":"https:\/\/www.gilwro.fr\/19eSiecle\/wp-content\/uploads\/2024\/12\/logo-mains-1-150x150.jpg","type":"","width":"","height":""}],"twitter_card":"summary_large_image","twitter_misc":{"Dur\u00e9e de lecture estim\u00e9e":"1 minute"},"schema":{"@context":"https:\/\/schema.org","@graph":[{"@type":"WebPage","@id":"https:\/\/www.gilwro.fr\/19eSiecle\/contact\/","url":"https:\/\/www.gilwro.fr\/19eSiecle\/contact\/","name":"Contact - Quoi de neuf au XIX\u00e8me si\u00e8cle","isPartOf":{"@id":"https:\/\/www.gilwro.fr\/19eSiecle\/#website"},"primaryImageOfPage":{"@id":"https:\/\/www.gilwro.fr\/19eSiecle\/contact\/#primaryimage"},"image":{"@id":"https:\/\/www.gilwro.fr\/19eSiecle\/contact\/#primaryimage"},"thumbnailUrl":"https:\/\/www.gilwro.fr\/19eSiecle\/wp-content\/uploads\/2024\/12\/logo-mains-1-150x150.jpg","datePublished":"2024-12-24T12:03:32+00:00","dateModified":"2025-01-19T10:48:16+00:00","breadcrumb":{"@id":"https:\/\/www.gilwro.fr\/19eSiecle\/contact\/#breadcrumb"},"inLanguage":"fr-FR","potentialAction":[{"@type":"ReadAction","target":["https:\/\/www.gilwro.fr\/19eSiecle\/contact\/"]}]},{"@type":"ImageObject","inLanguage":"fr-FR","@id":"https:\/\/www.gilwro.fr\/19eSiecle\/contact\/#primaryimage","url":"https:\/\/www.gilwro.fr\/19eSiecle\/wp-content\/uploads\/2024\/12\/logo-mains-1.jpg","contentUrl":"https:\/\/www.gilwro.fr\/19eSiecle\/wp-content\/uploads\/2024\/12\/logo-mains-1.jpg","width":512,"height":512},{"@type":"BreadcrumbList","@id":"https:\/\/www.gilwro.fr\/19eSiecle\/contact\/#breadcrumb","itemListElement":[{"@type":"ListItem","position":1,"name":"Accueil","item":"https:\/\/www.gilwro.fr\/19eSiecle\/"},{"@type":"ListItem","position":2,"name":"Contact"}]},{"@type":"WebSite","@id":"https:\/\/www.gilwro.fr\/19eSiecle\/#website","url":"https:\/\/www.gilwro.fr\/19eSiecle\/","name":"Quoi de neuf au XIX\u00e8me si\u00e8cle","description":"Le 19e si\u00e8cle c&#039;est le Second Empire, la r\u00e9volution industrielle, les premi\u00e8res expositions universelles et internationales. Et beaucoup d\u2019\u00e9v\u00e9nements connus et connus qui m\u00e9ritent de s&#039;y int\u00e9resser.","publisher":{"@id":"https:\/\/www.gilwro.fr\/19eSiecle\/#organization"},"potentialAction":[{"@type":"SearchAction","target":{"@type":"EntryPoint","urlTemplate":"https:\/\/www.gilwro.fr\/19eSiecle\/?s={search_term_string}"},"query-input":{"@type":"PropertyValueSpecification","valueRequired":true,"valueName":"search_term_string"}}],"inLanguage":"fr-FR"},{"@type":"Organization","@id":"https:\/\/www.gilwro.fr\/19eSiecle\/#organization","name":"Quoi de neuf au XIX\u00e8me si\u00e8cle","url":"https:\/\/www.gilwro.fr\/19eSiecle\/","logo":{"@type":"ImageObject","inLanguage":"fr-FR","@id":"https:\/\/www.gilwro.fr\/19eSiecle\/#\/schema\/logo\/image\/","url":"https:\/\/www.gilwro.fr\/19eSiecle\/wp-content\/uploads\/2025\/01\/xix-150.jpg","contentUrl":"https:\/\/www.gilwro.fr\/19eSiecle\/wp-content\/uploads\/2025\/01\/xix-150.jpg","width":150,"height":100,"caption":"Quoi de neuf au XIX\u00e8me si\u00e8cle"},"image":{"@id":"https:\/\/www.gilwro.fr\/19eSiecle\/#\/schema\/logo\/image\/"}}]}},"_links":{"self":[{"href":"https:\/\/www.gilwro.fr\/19eSiecle\/wp-json\/wp\/v2\/pages\/544","targetHints":{"allow":["GET"]}}],"collection":[{"href":"https:\/\/www.gilwro.fr\/19eSiecle\/wp-json\/wp\/v2\/pages"}],"about":[{"href":"https:\/\/www.gilwro.fr\/19eSiecle\/wp-json\/wp\/v2\/types\/page"}],"author":[{"embeddable":true,"href":"https:\/\/www.gilwro.fr\/19eSiecle\/wp-json\/wp\/v2\/users\/1"}],"replies":[{"embeddable":true,"href":"https:\/\/www.gilwro.fr\/19eSiecle\/wp-json\/wp\/v2\/comments?post=544"}],"version-history":[{"count":18,"href":"https:\/\/www.gilwro.fr\/19eSiecle\/wp-json\/wp\/v2\/pages\/544\/revisions"}],"predecessor-version":[{"id":2543,"href":"https:\/\/www.gilwro.fr\/19eSiecle\/wp-json\/wp\/v2\/pages\/544\/revisions\/2543"}],"wp:attachment":[{"href":"https:\/\/www.gilwro.fr\/19eSiecle\/wp-json\/wp\/v2\/media?parent=544"}],"curies":[{"name":"wp","href":"https:\/\/api.w.org\/{rel}","templated":true}]}}